{"id":12,"date":"2025-05-05T00:57:21","date_gmt":"2025-05-05T00:57:21","guid":{"rendered":"https:\/\/oceanograficos.com.br\/blog\/?page_id=12"},"modified":"2025-05-05T00:57:22","modified_gmt":"2025-05-05T00:57:22","slug":"sobre-oceanograficos","status":"publish","type":"page","link":"https:\/\/oceanograficos.com.br\/blog\/sobre-oceanograficos\/","title":{"rendered":"Sobre Oceanogr\u00e1ficos"},"content":{"rendered":"\n<div class=\"wp-block-cover alignfull is-light has-contrast-color has-text-color has-link-color wp-elements-14d3f4af0de744c0e059d734dfdca4d4\" style=\"margin-top:0;margin-bottom:0;padding-top:var(--wp--preset--spacing--60);padding-right:var(--wp--preset--spacing--50);padding-bottom:var(--wp--preset--spacing--60);padding-left:var(--wp--preset--spacing--50)\"><span aria-hidden=\"true\" class=\"wp-block-cover__background has-base-background-color has-background-dim-100 has-background-dim\"><\/span><div class=\"wp-block-cover__inner-container has-global-padding is-layout-constrained wp-container-core-cover-is-layout-1 wp-block-cover-is-layout-constrained\">\n<div class=\"wp-block-columns alignwide is-layout-flex wp-container-core-columns-is-layout-1 wp-block-columns-is-layout-flex\">\n<div class=\"wp-block-column is-layout-flow wp-block-column-is-layout-flow\" style=\"flex-basis:65%\">\n<div class=\"wp-block-group is-vertical is-content-justification-stretch is-layout-flex wp-container-core-group-is-layout-1 wp-block-group-is-layout-flex\">\n<h2 class=\"wp-block-heading has-text-align-left\" style=\"font-size:clamp(8.042rem, 8.042rem + ((1vw - 0.2rem) * 21.895), 22rem);font-style:normal;font-weight:300;letter-spacing:-0.03em;line-height:1.4\">Ol\u00e1,<\/h2>\n\n\n\n<p class=\"is-style-text-subtitle is-style-text-subtitle--1\"><strong>Oceanogr\u00e1ficos<\/strong> \u00e9 um projeto pessoal, sem grandes pretens\u00f5es, mas com muito prop\u00f3sito. Trata-se de um reposit\u00f3rio de conhecimento sobre temas ligados ao Oceano \u2014 uma grande paix\u00e3o.<\/p>\n\n\n\n<p class=\"is-style-text-subtitle is-style-text-subtitle--2\">Aqui re\u00fano conte\u00fados sobre geografia, cartografia, hist\u00f3ria, arte, oceanografia, biologia marinha e tudo o que for relacionado ao oceano.<\/p>\n\n\n\n<p class=\"is-style-text-subtitle is-style-text-subtitle--3\">O objetivo \u00e9 aprofundar meu conhecimento sobre o oceano e seus mist\u00e9rios, enquanto exploro e aplico t\u00e9cnicas de programa\u00e7\u00e3o, design e visualiza\u00e7\u00e3o de dados. Mais do que um projeto, \u00e9 um espa\u00e7o para estudo, experimenta\u00e7\u00e3o e constru\u00e7\u00e3o de um portf\u00f3lio pessoal, onde ci\u00eancia, arte e tecnologia se encontram.<\/p>\n<\/div>\n<\/div>\n\n\n\n<div class=\"wp-block-column is-layout-flow wp-block-column-is-layout-flow\" style=\"flex-basis:35%\">\n<div class=\"wp-block-group is-vertical is-content-justification-stretch is-nowrap is-layout-flex wp-container-core-group-is-layout-2 wp-block-group-is-layout-flex\">\n<figure class=\"wp-block-image size-full wp-duotone-503aa8-ffffff-4\"><img loading=\"lazy\" decoding=\"async\" width=\"739\" height=\"366\" src=\"https:\/\/oceanograficos.com.br\/blog\/wp-content\/uploads\/2025\/05\/o-oceano-e-a-nossa-sobrevivencia-1.jpg\" alt=\"\" class=\"wp-image-14\" style=\"aspect-ratio:3\/4;object-fit:cover\" srcset=\"https:\/\/oceanograficos.com.br\/blog\/wp-content\/uploads\/2025\/05\/o-oceano-e-a-nossa-sobrevivencia-1.jpg 739w, https:\/\/oceanograficos.com.br\/blog\/wp-content\/uploads\/2025\/05\/o-oceano-e-a-nossa-sobrevivencia-1-300x149.jpg 300w\" sizes=\"auto, (max-width: 739px) 100vw, 739px\" \/><\/figure>\n\n\n\n<p class=\"has-text-align-right has-x-large-font-size\" style=\"line-height:1.2\"><a href=\"#\">Instagram<\/a><\/p>\n<\/div>\n<\/div>\n<\/div>\n<\/div><\/div>\n","protected":false},"excerpt":{"rendered":"","protected":false},"author":1,"featured_media":0,"parent":0,"menu_order":0,"comment_status":"closed","ping_status":"closed","template":"","meta":{"footnotes":""},"class_list":["post-12","page","type-page","status-publish","hentry"],"_links":{"self":[{"href":"https:\/\/oceanograficos.com.br\/blog\/wp-json\/wp\/v2\/pages\/12","targetHints":{"allow":["GET"]}}],"collection":[{"href":"https:\/\/oceanograficos.com.br\/blog\/wp-json\/wp\/v2\/pages"}],"about":[{"href":"https:\/\/oceanograficos.com.br\/blog\/wp-json\/wp\/v2\/types\/page"}],"author":[{"embeddable":true,"href":"https:\/\/oceanograficos.com.br\/blog\/wp-json\/wp\/v2\/users\/1"}],"replies":[{"embeddable":true,"href":"https:\/\/oceanograficos.com.br\/blog\/wp-json\/wp\/v2\/comments?post=12"}],"version-history":[{"count":1,"href":"https:\/\/oceanograficos.com.br\/blog\/wp-json\/wp\/v2\/pages\/12\/revisions"}],"predecessor-version":[{"id":15,"href":"https:\/\/oceanograficos.com.br\/blog\/wp-json\/wp\/v2\/pages\/12\/revisions\/15"}],"wp:attachment":[{"href":"https:\/\/oceanograficos.com.br\/blog\/wp-json\/wp\/v2\/media?parent=12"}],"curies":[{"name":"wp","href":"https:\/\/api.w.org\/{rel}","templated":true}]}}